{"id":3924,"date":"2021-05-26T12:35:29","date_gmt":"2021-05-26T12:35:29","guid":{"rendered":"https:\/\/www.wochtla-buam.com\/mudroom\/"},"modified":"2025-08-11T11:15:30","modified_gmt":"2025-08-11T11:15:30","slug":"mudroom","status":"publish","type":"page","link":"https:\/\/wochtla-buam.com\/it\/mudroom\/","title":{"rendered":"Mudroom"},"content":{"rendered":"\t\t<div data-elementor-type=\"wp-page\" data-elementor-id=\"3924\" class=\"elementor elementor-3924 elementor-1637\" data-elementor-post-type=\"page\">\n\t\t\t\t\t\t<section class=\"elementor-section elementor-top-section elementor-element elementor-element-aa2f76a elementor-section-full_width elementor-section-height-default elementor-section-height-default\" data-id=\"aa2f76a\" data-element_type=\"section\" data-e-type=\"section\" data-settings=\"{&quot;background_background&quot;:&quot;classic&quot;,&quot;animation&quot;:&quot;none&quot;}\">\n\t\t\t\t\t\t<div class=\"elementor-container elementor-column-gap-no\">\n\t\t\t\t\t<div class=\"elementor-column elementor-col-100 elementor-top-column elementor-element elementor-element-e1550c6\" data-id=\"e1550c6\" data-element_type=\"column\" data-e-type=\"column\">\n\t\t\t<div class=\"elementor-widget-wrap elementor-element-populated\">\n\t\t\t\t\t\t\t<\/div>\n\t\t<\/div>\n\t\t\t\t\t<\/div>\n\t\t<\/section>\n\t\t\t\t<section class=\"elementor-section elementor-top-section elementor-element elementor-element-af960da elementor-section-full_width elementor-section-content-middle elementor-section-height-default elementor-section-height-default\" data-id=\"af960da\" data-element_type=\"section\" data-e-type=\"section\">\n\t\t\t\t\t\t<div class=\"elementor-container elementor-column-gap-no\">\n\t\t\t\t\t<div class=\"elementor-column elementor-col-100 elementor-top-column elementor-element elementor-element-163301f8 elementor-invisible\" data-id=\"163301f8\" data-element_type=\"column\" data-e-type=\"column\" data-settings=\"{&quot;background_background&quot;:&quot;classic&quot;,&quot;animation&quot;:&quot;fadeInUp&quot;}\">\n\t\t\t<div class=\"elementor-widget-wrap elementor-element-populated\">\n\t\t\t\t\t\t<div class=\"elementor-element elementor-element-28cd419 elementor-widget elementor-widget-heading\" data-id=\"28cd419\" data-element_type=\"widget\" data-e-type=\"widget\" data-widget_type=\"heading.default\">\n\t\t\t\t<div class=\"elementor-widget-container\">\n\t\t\t\t\t<h1 class=\"elementor-heading-title elementor-size-default\">Fa parte della vostra esperienza di vacanza in Alto Adige!<\/h1>\t\t\t\t<\/div>\n\t\t\t\t<\/div>\n\t\t\t\t<div class=\"elementor-element elementor-element-4bf9923c elementor-widget elementor-widget-text-editor\" data-id=\"4bf9923c\" data-element_type=\"widget\" data-e-type=\"widget\" data-widget_type=\"text-editor.default\">\n\t\t\t\t<div class=\"elementor-widget-container\">\n\t\t\t\t\t\t\t\t\t<p>Non chiamare mai il nostro Mudroom un deposito sci. \u00c8 molto pi\u00f9 di questo. Vedi. Non \u00e8 nemmeno nel sotterraneo. Qui puoi tenere in forma la tua attrezzatura e rilassarti con persone che la pensano come te. Ok, puoi mettere i tuoi sci anche qui.&nbsp;<\/p>\t\t\t\t\t\t\t\t<\/div>\n\t\t\t\t<\/div>\n\t\t\t\t\t<\/div>\n\t\t<\/div>\n\t\t\t\t\t<\/div>\n\t\t<\/section>\n\t\t\t\t<section class=\"elementor-section elementor-top-section elementor-element elementor-element-2f3215f elementor-section-full_width elementor-section-height-default elementor-section-height-default\" data-id=\"2f3215f\" data-element_type=\"section\" data-e-type=\"section\">\n\t\t\t\t\t\t<div class=\"elementor-container elementor-column-gap-no\">\n\t\t\t\t\t<div class=\"elementor-column elementor-col-50 elementor-top-column elementor-element elementor-element-5626421 elementor-invisible\" data-id=\"5626421\" data-element_type=\"column\" data-e-type=\"column\" data-settings=\"{&quot;background_background&quot;:&quot;classic&quot;,&quot;animation&quot;:&quot;fadeInUp&quot;}\">\n\t\t\t<div class=\"elementor-widget-wrap elementor-element-populated\">\n\t\t\t\t\t\t<div class=\"elementor-element elementor-element-02f5d94 bildhover elementor-widget elementor-widget-image\" data-id=\"02f5d94\" data-element_type=\"widget\" data-e-type=\"widget\" data-widget_type=\"image.default\">\n\t\t\t\t<div class=\"elementor-widget-container\">\n\t\t\t\t\t\t\t\t\t\t\t\t\t\t\t<img fetchpriority=\"high\" decoding=\"async\" width=\"1920\" height=\"1050\" src=\"https:\/\/wochtla-buam.com\/wp-content\/uploads\/bike-room-wochtla-buam.jpg\" class=\"attachment-full size-full wp-image-1685\" alt=\"Bike Kasten der Wochtla Buam\" srcset=\"https:\/\/wochtla-buam.com\/wp-content\/uploads\/bike-room-wochtla-buam.jpg 1920w, https:\/\/wochtla-buam.com\/wp-content\/uploads\/bike-room-wochtla-buam-750x410.jpg 750w, https:\/\/wochtla-buam.com\/wp-content\/uploads\/bike-room-wochtla-buam-1024x560.jpg 1024w, https:\/\/wochtla-buam.com\/wp-content\/uploads\/bike-room-wochtla-buam-768x420.jpg 768w, https:\/\/wochtla-buam.com\/wp-content\/uploads\/bike-room-wochtla-buam-1536x840.jpg 1536w\" sizes=\"(max-width: 1920px) 100vw, 1920px\" \/>\t\t\t\t\t\t\t\t\t\t\t\t\t\t\t<\/div>\n\t\t\t\t<\/div>\n\t\t\t\t<div class=\"elementor-element elementor-element-a460b89 elementor-widget__width-auto elementor-absolute textbild texthover elementor-widget elementor-widget-text-editor\" data-id=\"a460b89\" data-element_type=\"widget\" data-e-type=\"widget\" data-settings=\"{&quot;_position&quot;:&quot;absolute&quot;}\" data-widget_type=\"text-editor.default\">\n\t\t\t\t<div class=\"elementor-widget-container\">\n\t\t\t\t\t\t\t\t\t<h2>Bike BOX<\/h2>\t\t\t\t\t\t\t\t<\/div>\n\t\t\t\t<\/div>\n\t\t\t\t\t<\/div>\n\t\t<\/div>\n\t\t\t\t<div class=\"elementor-column elementor-col-50 elementor-top-column elementor-element elementor-element-9cfa0f8 elementor-invisible\" data-id=\"9cfa0f8\" data-element_type=\"column\" data-e-type=\"column\" data-settings=\"{&quot;background_background&quot;:&quot;classic&quot;,&quot;animation&quot;:&quot;fadeInUp&quot;}\">\n\t\t\t<div class=\"elementor-widget-wrap elementor-element-populated\">\n\t\t\t\t\t\t<div class=\"elementor-element elementor-element-8f3a7a6 bildhover elementor-widget elementor-widget-image\" data-id=\"8f3a7a6\" data-element_type=\"widget\" data-e-type=\"widget\" data-widget_type=\"image.default\">\n\t\t\t\t<div class=\"elementor-widget-container\">\n\t\t\t\t\t\t\t\t\t\t\t\t\t\t\t<img decoding=\"async\" width=\"1920\" height=\"1050\" src=\"https:\/\/wochtla-buam.com\/wp-content\/uploads\/bike-repair-wochtla-buam.jpg\" class=\"attachment-full size-full wp-image-3925\" alt=\"\" srcset=\"https:\/\/wochtla-buam.com\/wp-content\/uploads\/bike-repair-wochtla-buam.jpg 1920w, https:\/\/wochtla-buam.com\/wp-content\/uploads\/bike-repair-wochtla-buam-750x410.jpg 750w, https:\/\/wochtla-buam.com\/wp-content\/uploads\/bike-repair-wochtla-buam-1024x560.jpg 1024w, https:\/\/wochtla-buam.com\/wp-content\/uploads\/bike-repair-wochtla-buam-768x420.jpg 768w, https:\/\/wochtla-buam.com\/wp-content\/uploads\/bike-repair-wochtla-buam-1536x840.jpg 1536w\" sizes=\"(max-width: 1920px) 100vw, 1920px\" \/>\t\t\t\t\t\t\t\t\t\t\t\t\t\t\t<\/div>\n\t\t\t\t<\/div>\n\t\t\t\t<div class=\"elementor-element elementor-element-3581794 elementor-widget__width-auto elementor-absolute textbild texthover elementor-widget elementor-widget-text-editor\" data-id=\"3581794\" data-element_type=\"widget\" data-e-type=\"widget\" data-settings=\"{&quot;_position&quot;:&quot;absolute&quot;}\" data-widget_type=\"text-editor.default\">\n\t\t\t\t<div class=\"elementor-widget-container\">\n\t\t\t\t\t\t\t\t\t<div><span lang=\"IT\">BANCO DA LAVORO<\/span><\/div>\t\t\t\t\t\t\t\t<\/div>\n\t\t\t\t<\/div>\n\t\t\t\t\t<\/div>\n\t\t<\/div>\n\t\t\t\t\t<\/div>\n\t\t<\/section>\n\t\t\t\t<section class=\"elementor-section elementor-top-section elementor-element elementor-element-ed5f0f6 elementor-section-full_width elementor-section-height-default elementor-section-height-default\" data-id=\"ed5f0f6\" data-element_type=\"section\" data-e-type=\"section\">\n\t\t\t\t\t\t<div class=\"elementor-container elementor-column-gap-no\">\n\t\t\t\t\t<div class=\"elementor-column elementor-col-50 elementor-top-column elementor-element elementor-element-a6d4600 elementor-invisible\" data-id=\"a6d4600\" data-element_type=\"column\" data-e-type=\"column\" data-settings=\"{&quot;background_background&quot;:&quot;classic&quot;,&quot;animation&quot;:&quot;fadeInUp&quot;}\">\n\t\t\t<div class=\"elementor-widget-wrap elementor-element-populated\">\n\t\t\t\t\t\t<div class=\"elementor-element elementor-element-7445d55 bildhover elementor-widget elementor-widget-image\" data-id=\"7445d55\" data-element_type=\"widget\" data-e-type=\"widget\" data-widget_type=\"image.default\">\n\t\t\t\t<div class=\"elementor-widget-container\">\n\t\t\t\t\t\t\t\t\t\t\t\t\t\t\t<img decoding=\"async\" width=\"1920\" height=\"1050\" src=\"https:\/\/wochtla-buam.com\/wp-content\/uploads\/hiking-maps-wochtla-buam.jpg\" class=\"attachment-full size-full wp-image-1686\" alt=\"Wanderkarten der Wochtla Buam\" srcset=\"https:\/\/wochtla-buam.com\/wp-content\/uploads\/hiking-maps-wochtla-buam.jpg 1920w, https:\/\/wochtla-buam.com\/wp-content\/uploads\/hiking-maps-wochtla-buam-750x410.jpg 750w, https:\/\/wochtla-buam.com\/wp-content\/uploads\/hiking-maps-wochtla-buam-1024x560.jpg 1024w, https:\/\/wochtla-buam.com\/wp-content\/uploads\/hiking-maps-wochtla-buam-768x420.jpg 768w, https:\/\/wochtla-buam.com\/wp-content\/uploads\/hiking-maps-wochtla-buam-1536x840.jpg 1536w\" sizes=\"(max-width: 1920px) 100vw, 1920px\" \/>\t\t\t\t\t\t\t\t\t\t\t\t\t\t\t<\/div>\n\t\t\t\t<\/div>\n\t\t\t\t<div class=\"elementor-element elementor-element-c263893 elementor-widget__width-auto elementor-absolute textbild texthover elementor-widget elementor-widget-text-editor\" data-id=\"c263893\" data-element_type=\"widget\" data-e-type=\"widget\" data-settings=\"{&quot;_position&quot;:&quot;absolute&quot;}\" data-widget_type=\"text-editor.default\">\n\t\t\t\t<div class=\"elementor-widget-container\">\n\t\t\t\t\t\t\t\t\t<div><span lang=\"IT\">MAPPE ESCURSIONISTICHE<\/span><\/div>\t\t\t\t\t\t\t\t<\/div>\n\t\t\t\t<\/div>\n\t\t\t\t\t<\/div>\n\t\t<\/div>\n\t\t\t\t<div class=\"elementor-column elementor-col-50 elementor-top-column elementor-element elementor-element-2436069 elementor-invisible\" data-id=\"2436069\" data-element_type=\"column\" data-e-type=\"column\" data-settings=\"{&quot;background_background&quot;:&quot;classic&quot;,&quot;animation&quot;:&quot;fadeInUp&quot;}\">\n\t\t\t<div class=\"elementor-widget-wrap elementor-element-populated\">\n\t\t\t\t\t\t<div class=\"elementor-element elementor-element-7c4d9b1 bildhover elementor-widget elementor-widget-image\" data-id=\"7c4d9b1\" data-element_type=\"widget\" data-e-type=\"widget\" data-widget_type=\"image.default\">\n\t\t\t\t<div class=\"elementor-widget-container\">\n\t\t\t\t\t\t\t\t\t\t\t\t\t\t\t<img loading=\"lazy\" decoding=\"async\" width=\"1920\" height=\"1050\" src=\"https:\/\/wochtla-buam.com\/wp-content\/uploads\/ski-room-wochtla-buam.jpg\" class=\"attachment-full size-full wp-image-1687\" alt=\"Skiaufbewahrung und Trockner der Wochtla Buam\" srcset=\"https:\/\/wochtla-buam.com\/wp-content\/uploads\/ski-room-wochtla-buam.jpg 1920w, https:\/\/wochtla-buam.com\/wp-content\/uploads\/ski-room-wochtla-buam-750x410.jpg 750w, https:\/\/wochtla-buam.com\/wp-content\/uploads\/ski-room-wochtla-buam-1024x560.jpg 1024w, https:\/\/wochtla-buam.com\/wp-content\/uploads\/ski-room-wochtla-buam-768x420.jpg 768w, https:\/\/wochtla-buam.com\/wp-content\/uploads\/ski-room-wochtla-buam-1536x840.jpg 1536w\" sizes=\"(max-width: 1920px) 100vw, 1920px\" \/>\t\t\t\t\t\t\t\t\t\t\t\t\t\t\t<\/div>\n\t\t\t\t<\/div>\n\t\t\t\t<div class=\"elementor-element elementor-element-0ddb245 elementor-widget__width-auto elementor-absolute textbild texthover elementor-widget elementor-widget-text-editor\" data-id=\"0ddb245\" data-element_type=\"widget\" data-e-type=\"widget\" data-settings=\"{&quot;_position&quot;:&quot;absolute&quot;}\" data-widget_type=\"text-editor.default\">\n\t\t\t\t<div class=\"elementor-widget-container\">\n\t\t\t\t\t\t\t\t\t<h2>Deposito sci e asciugatrice<\/h2>\t\t\t\t\t\t\t\t<\/div>\n\t\t\t\t<\/div>\n\t\t\t\t\t<\/div>\n\t\t<\/div>\n\t\t\t\t\t<\/div>\n\t\t<\/section>\n\t\t\t\t<\/div>\n\t\t","protected":false},"excerpt":{"rendered":"<p>Fa parte della vostra esperienza di vacanza in Alto Adige! Non chiamare mai il nostro Mudroom un deposito sci. \u00c8 molto pi\u00f9 di questo. Vedi. Non \u00e8 nemmeno nel sotterraneo. Qui puoi tenere in forma la tua attrezzatura e rilassarti con persone che la pensano come te. Ok, puoi mettere i tuoi sci anche qui.&nbsp; [&hellip;]<\/p>\n","protected":false},"author":1,"featured_media":0,"parent":0,"menu_order":0,"comment_status":"closed","ping_status":"closed","template":"elementor_header_footer","meta":{"footnotes":""},"class_list":["post-3924","page","type-page","status-publish","hentry"],"yoast_head":"<!-- This site is optimized with the Yoast SEO plugin v27.3 - https:\/\/yoast.com\/product\/yoast-seo-wordpress\/ -->\n<title>Mudroom in Alto Adige<\/title>\n<meta name=\"description\" content=\"La &quot;cantina&quot; pi\u00f9 figa delle Alpi. Per i vostri sci, per navigare ed addiritura al piano terra.\" \/>\n<meta name=\"robots\" content=\"index, follow, max-snippet:-1, max-image-preview:large, max-video-preview:-1\" \/>\n<link rel=\"canonical\" href=\"https:\/\/wochtla-buam.com\/it\/mudroom\/\" \/>\n<meta property=\"og:locale\" content=\"it_IT\" \/>\n<meta property=\"og:type\" content=\"article\" \/>\n<meta property=\"og:title\" content=\"Mudroom in Alto Adige\" \/>\n<meta property=\"og:description\" content=\"La &quot;cantina&quot; pi\u00f9 figa delle Alpi. Per i vostri sci, per navigare ed addiritura al piano terra.\" \/>\n<meta property=\"og:url\" content=\"https:\/\/wochtla-buam.com\/it\/mudroom\/\" \/>\n<meta property=\"og:site_name\" content=\"Wochtla Buam\" \/>\n<meta property=\"article:modified_time\" content=\"2025-08-11T11:15:30+00:00\" \/>\n<meta property=\"og:image\" content=\"https:\/\/wochtla-buam.com\/wp-content\/uploads\/bike-room-wochtla-buam.jpg\" \/>\n<meta name=\"twitter:card\" content=\"summary_large_image\" \/>\n<meta name=\"twitter:label1\" content=\"Tempo di lettura stimato\" \/>\n\t<meta name=\"twitter:data1\" content=\"2 minuti\" \/>\n<script type=\"application\/ld+json\" class=\"yoast-schema-graph\">{\"@context\":\"https:\\\/\\\/schema.org\",\"@graph\":[{\"@type\":\"WebPage\",\"@id\":\"https:\\\/\\\/wochtla-buam.com\\\/it\\\/mudroom\\\/\",\"url\":\"https:\\\/\\\/wochtla-buam.com\\\/it\\\/mudroom\\\/\",\"name\":\"Mudroom in Alto Adige\",\"isPartOf\":{\"@id\":\"https:\\\/\\\/wochtla-buam.com\\\/#website\"},\"primaryImageOfPage\":{\"@id\":\"https:\\\/\\\/wochtla-buam.com\\\/it\\\/mudroom\\\/#primaryimage\"},\"image\":{\"@id\":\"https:\\\/\\\/wochtla-buam.com\\\/it\\\/mudroom\\\/#primaryimage\"},\"thumbnailUrl\":\"https:\\\/\\\/wochtla-buam.com\\\/wp-content\\\/uploads\\\/bike-room-wochtla-buam.jpg\",\"datePublished\":\"2021-05-26T12:35:29+00:00\",\"dateModified\":\"2025-08-11T11:15:30+00:00\",\"description\":\"La \\\"cantina\\\" pi\u00f9 figa delle Alpi. Per i vostri sci, per navigare ed addiritura al piano terra.\",\"breadcrumb\":{\"@id\":\"https:\\\/\\\/wochtla-buam.com\\\/it\\\/mudroom\\\/#breadcrumb\"},\"inLanguage\":\"it-IT\",\"potentialAction\":[{\"@type\":\"ReadAction\",\"target\":[\"https:\\\/\\\/wochtla-buam.com\\\/it\\\/mudroom\\\/\"]}]},{\"@type\":\"ImageObject\",\"inLanguage\":\"it-IT\",\"@id\":\"https:\\\/\\\/wochtla-buam.com\\\/it\\\/mudroom\\\/#primaryimage\",\"url\":\"https:\\\/\\\/wochtla-buam.com\\\/wp-content\\\/uploads\\\/bike-room-wochtla-buam.jpg\",\"contentUrl\":\"https:\\\/\\\/wochtla-buam.com\\\/wp-content\\\/uploads\\\/bike-room-wochtla-buam.jpg\"},{\"@type\":\"BreadcrumbList\",\"@id\":\"https:\\\/\\\/wochtla-buam.com\\\/it\\\/mudroom\\\/#breadcrumb\",\"itemListElement\":[{\"@type\":\"ListItem\",\"position\":1,\"name\":\"Startseite\",\"item\":\"https:\\\/\\\/wochtla-buam.com\\\/\"},{\"@type\":\"ListItem\",\"position\":2,\"name\":\"Mudroom\"}]},{\"@type\":\"WebSite\",\"@id\":\"https:\\\/\\\/wochtla-buam.com\\\/#website\",\"url\":\"https:\\\/\\\/wochtla-buam.com\\\/\",\"name\":\"Wochtla Buam\",\"description\":\"Aktiv Urlaub - Willkommen in der Seilschaft\",\"publisher\":{\"@id\":\"https:\\\/\\\/wochtla-buam.com\\\/#organization\"},\"potentialAction\":[{\"@type\":\"SearchAction\",\"target\":{\"@type\":\"EntryPoint\",\"urlTemplate\":\"https:\\\/\\\/wochtla-buam.com\\\/?s={search_term_string}\"},\"query-input\":{\"@type\":\"PropertyValueSpecification\",\"valueRequired\":true,\"valueName\":\"search_term_string\"}}],\"inLanguage\":\"it-IT\"},{\"@type\":\"Organization\",\"@id\":\"https:\\\/\\\/wochtla-buam.com\\\/#organization\",\"name\":\"Wochtla Buam\",\"url\":\"https:\\\/\\\/wochtla-buam.com\\\/\",\"logo\":{\"@type\":\"ImageObject\",\"inLanguage\":\"it-IT\",\"@id\":\"https:\\\/\\\/wochtla-buam.com\\\/#\\\/schema\\\/logo\\\/image\\\/\",\"url\":\"https:\\\/\\\/wochtla-buam.com\\\/wp-content\\\/uploads\\\/unterbergers-aktiv-hotel-logo-sw.svg\",\"contentUrl\":\"https:\\\/\\\/wochtla-buam.com\\\/wp-content\\\/uploads\\\/unterbergers-aktiv-hotel-logo-sw.svg\",\"width\":235,\"height\":47,\"caption\":\"Wochtla Buam\"},\"image\":{\"@id\":\"https:\\\/\\\/wochtla-buam.com\\\/#\\\/schema\\\/logo\\\/image\\\/\"}}]}<\/script>\n<!-- \/ Yoast SEO plugin. -->","yoast_head_json":{"title":"Mudroom in Alto Adige","description":"La \"cantina\" pi\u00f9 figa delle Alpi. Per i vostri sci, per navigare ed addiritura al piano terra.","robots":{"index":"index","follow":"follow","max-snippet":"max-snippet:-1","max-image-preview":"max-image-preview:large","max-video-preview":"max-video-preview:-1"},"canonical":"https:\/\/wochtla-buam.com\/it\/mudroom\/","og_locale":"it_IT","og_type":"article","og_title":"Mudroom in Alto Adige","og_description":"La \"cantina\" pi\u00f9 figa delle Alpi. Per i vostri sci, per navigare ed addiritura al piano terra.","og_url":"https:\/\/wochtla-buam.com\/it\/mudroom\/","og_site_name":"Wochtla Buam","article_modified_time":"2025-08-11T11:15:30+00:00","og_image":[{"url":"https:\/\/wochtla-buam.com\/wp-content\/uploads\/bike-room-wochtla-buam.jpg","type":"","width":"","height":""}],"twitter_card":"summary_large_image","twitter_misc":{"Tempo di lettura stimato":"2 minuti"},"schema":{"@context":"https:\/\/schema.org","@graph":[{"@type":"WebPage","@id":"https:\/\/wochtla-buam.com\/it\/mudroom\/","url":"https:\/\/wochtla-buam.com\/it\/mudroom\/","name":"Mudroom in Alto Adige","isPartOf":{"@id":"https:\/\/wochtla-buam.com\/#website"},"primaryImageOfPage":{"@id":"https:\/\/wochtla-buam.com\/it\/mudroom\/#primaryimage"},"image":{"@id":"https:\/\/wochtla-buam.com\/it\/mudroom\/#primaryimage"},"thumbnailUrl":"https:\/\/wochtla-buam.com\/wp-content\/uploads\/bike-room-wochtla-buam.jpg","datePublished":"2021-05-26T12:35:29+00:00","dateModified":"2025-08-11T11:15:30+00:00","description":"La \"cantina\" pi\u00f9 figa delle Alpi. Per i vostri sci, per navigare ed addiritura al piano terra.","breadcrumb":{"@id":"https:\/\/wochtla-buam.com\/it\/mudroom\/#breadcrumb"},"inLanguage":"it-IT","potentialAction":[{"@type":"ReadAction","target":["https:\/\/wochtla-buam.com\/it\/mudroom\/"]}]},{"@type":"ImageObject","inLanguage":"it-IT","@id":"https:\/\/wochtla-buam.com\/it\/mudroom\/#primaryimage","url":"https:\/\/wochtla-buam.com\/wp-content\/uploads\/bike-room-wochtla-buam.jpg","contentUrl":"https:\/\/wochtla-buam.com\/wp-content\/uploads\/bike-room-wochtla-buam.jpg"},{"@type":"BreadcrumbList","@id":"https:\/\/wochtla-buam.com\/it\/mudroom\/#breadcrumb","itemListElement":[{"@type":"ListItem","position":1,"name":"Startseite","item":"https:\/\/wochtla-buam.com\/"},{"@type":"ListItem","position":2,"name":"Mudroom"}]},{"@type":"WebSite","@id":"https:\/\/wochtla-buam.com\/#website","url":"https:\/\/wochtla-buam.com\/","name":"Wochtla Buam","description":"Aktiv Urlaub - Willkommen in der Seilschaft","publisher":{"@id":"https:\/\/wochtla-buam.com\/#organization"},"potentialAction":[{"@type":"SearchAction","target":{"@type":"EntryPoint","urlTemplate":"https:\/\/wochtla-buam.com\/?s={search_term_string}"},"query-input":{"@type":"PropertyValueSpecification","valueRequired":true,"valueName":"search_term_string"}}],"inLanguage":"it-IT"},{"@type":"Organization","@id":"https:\/\/wochtla-buam.com\/#organization","name":"Wochtla Buam","url":"https:\/\/wochtla-buam.com\/","logo":{"@type":"ImageObject","inLanguage":"it-IT","@id":"https:\/\/wochtla-buam.com\/#\/schema\/logo\/image\/","url":"https:\/\/wochtla-buam.com\/wp-content\/uploads\/unterbergers-aktiv-hotel-logo-sw.svg","contentUrl":"https:\/\/wochtla-buam.com\/wp-content\/uploads\/unterbergers-aktiv-hotel-logo-sw.svg","width":235,"height":47,"caption":"Wochtla Buam"},"image":{"@id":"https:\/\/wochtla-buam.com\/#\/schema\/logo\/image\/"}}]}},"publishpress_future_action":{"enabled":false,"date":"2026-04-22 23:10:59","action":"change-status","newStatus":"draft","terms":[],"taxonomy":"translation_priority","extraData":[]},"publishpress_future_workflow_manual_trigger":{"enabledWorkflows":[]},"_links":{"self":[{"href":"https:\/\/wochtla-buam.com\/it\/wp-json\/wp\/v2\/pages\/3924","targetHints":{"allow":["GET"]}}],"collection":[{"href":"https:\/\/wochtla-buam.com\/it\/wp-json\/wp\/v2\/pages"}],"about":[{"href":"https:\/\/wochtla-buam.com\/it\/wp-json\/wp\/v2\/types\/page"}],"author":[{"embeddable":true,"href":"https:\/\/wochtla-buam.com\/it\/wp-json\/wp\/v2\/users\/1"}],"replies":[{"embeddable":true,"href":"https:\/\/wochtla-buam.com\/it\/wp-json\/wp\/v2\/comments?post=3924"}],"version-history":[{"count":0,"href":"https:\/\/wochtla-buam.com\/it\/wp-json\/wp\/v2\/pages\/3924\/revisions"}],"wp:attachment":[{"href":"https:\/\/wochtla-buam.com\/it\/wp-json\/wp\/v2\/media?parent=3924"}],"curies":[{"name":"wp","href":"https:\/\/api.w.org\/{rel}","templated":true}]}}