{"id":3943,"date":"2021-05-27T14:15:40","date_gmt":"2021-05-27T14:15:40","guid":{"rendered":"https:\/\/www.wochtla-buam.com\/impressum\/"},"modified":"2025-01-15T09:14:17","modified_gmt":"2025-01-15T09:14:17","slug":"colophon","status":"publish","type":"page","link":"https:\/\/wochtla-buam.com\/it\/colophon\/","title":{"rendered":"Colophon"},"content":{"rendered":"\t\t<div data-elementor-type=\"wp-page\" data-elementor-id=\"3943\" class=\"elementor elementor-3943 elementor-2059\" data-elementor-post-type=\"page\">\n\t\t\t\t\t\t<section class=\"elementor-section elementor-top-section elementor-element elementor-element-a01f079 elementor-section-content-middle elementor-section-boxed elementor-section-height-default elementor-section-height-default\" data-id=\"a01f079\" data-element_type=\"section\" data-e-type=\"section\">\n\t\t\t\t\t\t<div class=\"elementor-container elementor-column-gap-default\">\n\t\t\t\t\t<div class=\"elementor-column elementor-col-100 elementor-top-column elementor-element elementor-element-c33b544 elementor-invisible\" data-id=\"c33b544\" data-element_type=\"column\" data-e-type=\"column\" data-settings=\"{&quot;background_background&quot;:&quot;classic&quot;,&quot;animation&quot;:&quot;fadeInUp&quot;}\">\n\t\t\t<div class=\"elementor-widget-wrap elementor-element-populated\">\n\t\t\t\t\t\t<div class=\"elementor-element elementor-element-28cd419 elementor-widget elementor-widget-heading\" data-id=\"28cd419\" data-element_type=\"widget\" data-e-type=\"widget\" data-widget_type=\"heading.default\">\n\t\t\t\t<div class=\"elementor-widget-container\">\n\t\t\t\t\t<h1 class=\"elementor-heading-title elementor-size-default\">Colophon<\/h1>\t\t\t\t<\/div>\n\t\t\t\t<\/div>\n\t\t\t\t<div class=\"elementor-element elementor-element-f560ebf elementor-widget elementor-widget-text-editor\" data-id=\"f560ebf\" data-element_type=\"widget\" data-e-type=\"widget\" data-widget_type=\"text-editor.default\">\n\t\t\t\t<div class=\"elementor-widget-container\">\n\t\t\t\t\t\t\t\t\t<h3>Hotel Wochtla Buam<strong><br \/><\/strong><\/h3><p><strong>Fam. Unterberger<\/strong><br \/>Anello Nord 1<br \/>I-39031 Stegona\/Brunico (BZ)<br \/>Val Pusteria in Alto Adige<\/p><p>Tel. <a href=\"tel:00390474530371\" target=\"_blank\" rel=\"nofollow noopener\">+39 0474 530371<\/a><br \/><a href=\"mailto:info@wochtla-buam.com\">info@wochtla-buam.com<\/a><br \/>Web\u00a0<a title=\"www.wochtla-buam.com\/wordpress\/\" href=\"https:\/\/wochtla-buam.com\/\" rel=\"\">www.wochtla-buam.com\/wordpress\/<\/a><br \/>PEC Mail <a title=\"mailto:Hotel-sunshine@pcert.postecert.it\" href=\"mailto:Hotel-sunshine@pcert.postecert.it\">Hotel-sunshine@pcert.postecert.it<\/a><\/p><p>Cod. Fisc. 01649050216<br \/>P. IVA IT01649050216<br \/>Cod. dest. 23R5HA7<br \/>Cod. CIN IT021013A14LGRLSXP<\/p><h3>Copyright per le immagini e grafiche utilizzate:<\/h3><p>\u00a9 Fam. Unterberger \u2013 Hotel Wochtla Buam<br \/>\u00a9 IDM S\u00fcdtirol-Alto Adige\/Alex Filz<br \/>\u00a9 IDM\/S\u00fcdtirol Wein\/Benjamin Pfitscher<br \/>\u00a9 IDM S\u00fcdtirol-Alto Adige\/Andreas Mierswa<br \/>\u00a9 IDM S\u00fcdtirol-Alto Adige\/Harald Wisthaler<br \/>\u00a9 IDM S\u00fcdtirol-Alto Adige\/Manuel Kottersteger<br \/>\u00a9 IDM S\u00fcdtirol-Alto Adige\/Max Lautenschl\u00e4ger<br \/>\u00a9 IDM S\u00fcdtirol-Alto Adige\/Helmuth Rier<br \/>\u00a9 IDM S\u00fcdtirol-Alto Adige\/Dietmar Denger<br \/>\u00a9 IDM S\u00fcdtirol-Alto Adige\/Hansi Heckmair<br \/>\u00a9 IDM\/S\u00fcdtirol Wein\/Benjamin Pfitscher<br \/>\u00a9 IDM S\u00fcdtirol-STA\/Manuela Tessaro<br \/>\u00a9 IDM S\u00fcdtirol-Alto Adige\/Benjamin Pfitscher<br \/>\u00a9 IDM S\u00fcdtirol-Alto Adige\/Manuel Kottersteger<br \/>\u00a9 Mael Balland | Unsplash<br \/>\u00a9 David Becker | Unsplash<br \/>\u00a9 Egor Myznik | Unsplash<br \/>\u00a9 Rutger Rog Unsplash<br \/>\u00a9 Pushish Images\/Shutterstock<\/p><h3>Risoluzione delle controversie<\/h3><p>Informazioni obbligatorie ai sensi del Regolamento UE n. 524\/2013 del Parlamento e Consiglio europeo. Piattaforma per la risoluzione online delle controversie (ODR) della Commissione europea: <a href=\"http:\/\/ec.europa.eu\/consumers\/odr\/\">http:\/\/ec.europa.eu\/consumers\/odr\/<\/a><\/p><h3>Concetto e realizzazione<\/h3><p>MUWit der Sandra Stablum<br \/>Citt\u00e1 Alta 60<br \/>39043 Chiusa (BZ)<\/p><p><strong>T<\/strong> <a title=\"+39 347 1330206\" href=\"tel:00393471330206\" rel=\"\">+39 347 1330206<\/a><\/p><p>Part. IVA\u00a0IT02730810211<br \/>Cod. fisc. STB SDR 88 A44 B160 S<\/p><p><a href=\"mailto:info@muwit.it\">info@muwit.it<\/a><br \/><a title=\"www.muwit.it\" href=\"https:\/\/www.muwit.it\" rel=\"\">www.muwit.it<\/a><\/p><h3>Responsabile per il contenuto:<\/h3><p>Fam. Unterberger \u2013 Hotel Wochtla Buam<\/p><h3>Dichiarazione liberatoria:<\/h3><p><strong>Responsabilit\u00e0 per i contenuti<br \/><\/strong>I contenuti delle nostre pagine sono stati redatti, elaborati e controllati scrupolosamente. Tuttavia, non ci assumiamo nessuna responsabilit\u00e0 per la correttezza, qualit\u00e0, completezza e attualit\u00e0 dei contenuti, poich\u00e9 non \u00e8 da escludere che siano cambiati nel tempo. Come prestatori di servizi siamo responsabili per i contenuti di queste pagine in base alla normativa vigente. Nella nostra qualit\u00e0 di prestatori di servizi non siamo per\u00f2 obbligati a controllare l\u2019esattezza di informazioni ricevute o salvate da terzi, o a controllare se sussistano irregolarit\u00e0 che indichino un\u2019attivit\u00e0 illegale. L\u2019obbligo di rimuovere o bloccare l\u2019utilizzo di informazioni secondo la normativa vigente rimane valido. L\u2019assunzione di tale responsabilit\u00e0 \u00e8 tuttavia possibile solamente dopo il momento dell\u2019effettivo riconoscimento da parte nostra di una concreta violazione di diritto. Alla presa d\u2019atto di tali violazioni di legge provvederemo immediatamente alla rimozione dei contenuti in questione.<br \/>Si escludono di principio le rivendicazioni di responsabilit\u00e0 di qualsiasi tipo causate dall\u2019utilizzo di informazioni messe a disposizione, oppure da informazioni errate e\/o incomplete.<\/p><p><strong>Responsabilit\u00e0 per i link<br \/><\/strong>La nostra offerta contiene dei collegamenti ipertestuali con siti web esterni di terzi, sui cui contenuti non possiamo influire. Per questo motivo non forniamo nessuna garanzia sui contenuti dei siti web linkati, indipendentemente dal tipo e dalla natura. Ne \u00e8 responsabile solamente il relativo proprietario o gestore del sito. Un controllo permanente dei contenuti dei siti linkati al presente non \u00e8 fattibile senza concreti punti di riferimento. All\u2019avvenuta conoscenza d\u2019infrazioni contro la legge causate dai siti web linkati, i link in questione saranno subito rimossi.<\/p><p><strong>Copyright<br \/><\/strong>Tutti i contenuti e le opere creati dal web designer e dai gestori del sito sono protetti da copyright. La riproduzione, l\u2019alterazione, la distribuzione e qualsiasi forma di utilizzo, soprattutto per scopi commerciali, al di fuori dei limiti del diritto d\u2019autore, sono severamente vietate e ammesse esclusivamente previa autorizzazione scritta del relativo autore o creatore. Nel caso i contenuti di questa pagina non siano stati creati dal gestore, sono da rispettare i diritti di copyright di terzi. I contenuti redatti da terzi sono contrassegnati come tali. In caso doveste notare una violazione del copyright, vi preghiamo gentilmente di farci pervenire un\u2019apposita segnalazione. All\u2019atto di presa di conoscenza di tali violazioni di legge, i contenuti in questione saranno naturalmente rimossi subito, senza per\u00f2 assumerne nessuna responsabilit\u00e0.<\/p><p><strong>Digital Marketing &amp; Marketing Automation per Hotel<\/strong><br \/><strong>ADDITIVE Srl<\/strong><br \/>Game changing hospitality marketing on autopilot<br \/>Zona Industriale 1\/5 &#8211; Eurocenter<br \/>I &#8211; 39011 Lana<br \/>Alto Adige \/ Italia<br \/>Tel +39 0473 538800<br \/>E-Mail info@additive.eu<br \/><a href=\"https:\/\/www.additive.eu\/en\" target=\"_blank\" rel=\"noopener\">www.additive.eu<\/a><\/p><p>Dal 2005 ADDITIVE, in qualit\u00e0 di <a href=\"https:\/\/www.additive.eu\/en\" target=\"_blank\" rel=\"noopener\">agenzia hotel marketing<\/a>, supporta aziende rinomate nel <a href=\"https:\/\/www.additive.eu\/en\/hotel-marketing-software-automation\/online-marketing-hotel.html\" target=\"_blank\" rel=\"noopener\"> hotel web marketing<\/a> con il primo sistema di marketing online basato sui dati e sull&#8217;automazione del marketing sviluppato su misura per gli hotel. Il risultato sono pi\u00f9 prenotazioni dirette, nonch\u00e9 un migliore risultato di marketing e sales, grazie agli <a href=\"https:\/\/www.additive.eu\/en\/hotel-marketing-software-automation\/marketing-crm-software-hotels.html\" target=\"_blank\" rel=\"noopener\">innovativi hotel marketing software<\/a> nei campi dell&#8217;<a href=\"https:\/\/www.additive.eu\/en\/hotel-marketing-software-automation\/hotel-marketing-automation-crm-software.html\" target=\"_blank\" rel=\"noopener\">automazione del marketing per hotel con ADDITIVE+ MARKETING AUTOMATION<\/a>, l&#8217;innovativo <a href=\"https:\/\/www.additive.eu\/en\/hotel-marketing-software-automation\/hotel-newsletter-software.html\" target=\"_blank\" rel=\"noopener\">sistema di newsletter ADDITIVE+ NEWSLETTER<\/a> e il <a href=\"https:\/\/www.additive.eu\/en\/hotel-marketing-software-automation\/hotel-voucher-software.html\" target=\"_blank\" rel=\"noopener\"> sistema di voucher ADDITIVE+ BUONI REGALO<\/a>.<\/p><p>La protezione dei dati e la conformit\u00e0 alla GDPR sono di fondamentale importanza per ADDITIVE nello sviluppo di nuove soluzioni software; ulteriori informazioni sono disponibili su questo sito web nella sezione Privacy o Protezione dei dati.<\/p>\t\t\t\t\t\t\t\t<\/div>\n\t\t\t\t<\/div>\n\t\t\t\t\t<\/div>\n\t\t<\/div>\n\t\t\t\t\t<\/div>\n\t\t<\/section>\n\t\t\t\t<\/div>\n\t\t","protected":false},"excerpt":{"rendered":"<p>Colophon Hotel Wochtla Buam Fam. UnterbergerAnello Nord 1I-39031 Stegona\/Brunico (BZ)Val Pusteria in Alto Adige Tel. +39 0474 530371info@wochtla-buam.comWeb\u00a0www.wochtla-buam.com\/wordpress\/PEC Mail Hotel-sunshine@pcert.postecert.it Cod. Fisc. 01649050216P. IVA IT01649050216Cod. dest. 23R5HA7Cod. CIN IT021013A14LGRLSXP Copyright per le immagini e grafiche utilizzate: \u00a9 Fam. Unterberger \u2013 Hotel Wochtla Buam\u00a9 IDM S\u00fcdtirol-Alto Adige\/Alex Filz\u00a9 IDM\/S\u00fcdtirol Wein\/Benjamin Pfitscher\u00a9 IDM S\u00fcdtirol-Alto Adige\/Andreas Mierswa\u00a9 IDM [&hellip;]<\/p>\n","protected":false},"author":1,"featured_media":0,"parent":0,"menu_order":0,"comment_status":"closed","ping_status":"closed","template":"elementor_header_footer","meta":{"footnotes":""},"class_list":["post-3943","page","type-page","status-publish","hentry"],"yoast_head":"<!-- This site is optimized with the Yoast SEO plugin v27.3 - https:\/\/yoast.com\/product\/yoast-seo-wordpress\/ -->\n<title>Colophon<\/title>\n<meta name=\"description\" content=\"Colophon\" \/>\n<meta name=\"robots\" content=\"noindex, nofollow\" \/>\n<meta property=\"og:locale\" content=\"it_IT\" \/>\n<meta property=\"og:type\" content=\"article\" \/>\n<meta property=\"og:title\" content=\"Colophon\" \/>\n<meta property=\"og:description\" content=\"Colophon\" \/>\n<meta property=\"og:url\" content=\"https:\/\/wochtla-buam.com\/it\/colophon\/\" \/>\n<meta property=\"og:site_name\" content=\"Wochtla Buam\" \/>\n<meta property=\"article:modified_time\" content=\"2025-01-15T09:14:17+00:00\" \/>\n<meta name=\"twitter:card\" content=\"summary_large_image\" \/>\n<meta name=\"twitter:label1\" content=\"Tempo di lettura stimato\" \/>\n\t<meta name=\"twitter:data1\" content=\"4 minuti\" \/>\n<script type=\"application\/ld+json\" class=\"yoast-schema-graph\">{\"@context\":\"https:\\\/\\\/schema.org\",\"@graph\":[{\"@type\":\"WebPage\",\"@id\":\"https:\\\/\\\/wochtla-buam.com\\\/it\\\/colophon\\\/\",\"url\":\"https:\\\/\\\/wochtla-buam.com\\\/it\\\/colophon\\\/\",\"name\":\"Colophon\",\"isPartOf\":{\"@id\":\"https:\\\/\\\/wochtla-buam.com\\\/#website\"},\"datePublished\":\"2021-05-27T14:15:40+00:00\",\"dateModified\":\"2025-01-15T09:14:17+00:00\",\"description\":\"Colophon\",\"breadcrumb\":{\"@id\":\"https:\\\/\\\/wochtla-buam.com\\\/it\\\/colophon\\\/#breadcrumb\"},\"inLanguage\":\"it-IT\",\"potentialAction\":[{\"@type\":\"ReadAction\",\"target\":[\"https:\\\/\\\/wochtla-buam.com\\\/it\\\/colophon\\\/\"]}]},{\"@type\":\"BreadcrumbList\",\"@id\":\"https:\\\/\\\/wochtla-buam.com\\\/it\\\/colophon\\\/#breadcrumb\",\"itemListElement\":[{\"@type\":\"ListItem\",\"position\":1,\"name\":\"Startseite\",\"item\":\"https:\\\/\\\/wochtla-buam.com\\\/\"},{\"@type\":\"ListItem\",\"position\":2,\"name\":\"Colophon\"}]},{\"@type\":\"WebSite\",\"@id\":\"https:\\\/\\\/wochtla-buam.com\\\/#website\",\"url\":\"https:\\\/\\\/wochtla-buam.com\\\/\",\"name\":\"Wochtla Buam\",\"description\":\"Aktiv Urlaub - Willkommen in der Seilschaft\",\"publisher\":{\"@id\":\"https:\\\/\\\/wochtla-buam.com\\\/#organization\"},\"potentialAction\":[{\"@type\":\"SearchAction\",\"target\":{\"@type\":\"EntryPoint\",\"urlTemplate\":\"https:\\\/\\\/wochtla-buam.com\\\/?s={search_term_string}\"},\"query-input\":{\"@type\":\"PropertyValueSpecification\",\"valueRequired\":true,\"valueName\":\"search_term_string\"}}],\"inLanguage\":\"it-IT\"},{\"@type\":\"Organization\",\"@id\":\"https:\\\/\\\/wochtla-buam.com\\\/#organization\",\"name\":\"Wochtla Buam\",\"url\":\"https:\\\/\\\/wochtla-buam.com\\\/\",\"logo\":{\"@type\":\"ImageObject\",\"inLanguage\":\"it-IT\",\"@id\":\"https:\\\/\\\/wochtla-buam.com\\\/#\\\/schema\\\/logo\\\/image\\\/\",\"url\":\"https:\\\/\\\/wochtla-buam.com\\\/wp-content\\\/uploads\\\/unterbergers-aktiv-hotel-logo-sw.svg\",\"contentUrl\":\"https:\\\/\\\/wochtla-buam.com\\\/wp-content\\\/uploads\\\/unterbergers-aktiv-hotel-logo-sw.svg\",\"width\":235,\"height\":47,\"caption\":\"Wochtla Buam\"},\"image\":{\"@id\":\"https:\\\/\\\/wochtla-buam.com\\\/#\\\/schema\\\/logo\\\/image\\\/\"}}]}<\/script>\n<!-- \/ Yoast SEO plugin. -->","yoast_head_json":{"title":"Colophon","description":"Colophon","robots":{"index":"noindex","follow":"nofollow"},"og_locale":"it_IT","og_type":"article","og_title":"Colophon","og_description":"Colophon","og_url":"https:\/\/wochtla-buam.com\/it\/colophon\/","og_site_name":"Wochtla Buam","article_modified_time":"2025-01-15T09:14:17+00:00","twitter_card":"summary_large_image","twitter_misc":{"Tempo di lettura stimato":"4 minuti"},"schema":{"@context":"https:\/\/schema.org","@graph":[{"@type":"WebPage","@id":"https:\/\/wochtla-buam.com\/it\/colophon\/","url":"https:\/\/wochtla-buam.com\/it\/colophon\/","name":"Colophon","isPartOf":{"@id":"https:\/\/wochtla-buam.com\/#website"},"datePublished":"2021-05-27T14:15:40+00:00","dateModified":"2025-01-15T09:14:17+00:00","description":"Colophon","breadcrumb":{"@id":"https:\/\/wochtla-buam.com\/it\/colophon\/#breadcrumb"},"inLanguage":"it-IT","potentialAction":[{"@type":"ReadAction","target":["https:\/\/wochtla-buam.com\/it\/colophon\/"]}]},{"@type":"BreadcrumbList","@id":"https:\/\/wochtla-buam.com\/it\/colophon\/#breadcrumb","itemListElement":[{"@type":"ListItem","position":1,"name":"Startseite","item":"https:\/\/wochtla-buam.com\/"},{"@type":"ListItem","position":2,"name":"Colophon"}]},{"@type":"WebSite","@id":"https:\/\/wochtla-buam.com\/#website","url":"https:\/\/wochtla-buam.com\/","name":"Wochtla Buam","description":"Aktiv Urlaub - Willkommen in der Seilschaft","publisher":{"@id":"https:\/\/wochtla-buam.com\/#organization"},"potentialAction":[{"@type":"SearchAction","target":{"@type":"EntryPoint","urlTemplate":"https:\/\/wochtla-buam.com\/?s={search_term_string}"},"query-input":{"@type":"PropertyValueSpecification","valueRequired":true,"valueName":"search_term_string"}}],"inLanguage":"it-IT"},{"@type":"Organization","@id":"https:\/\/wochtla-buam.com\/#organization","name":"Wochtla Buam","url":"https:\/\/wochtla-buam.com\/","logo":{"@type":"ImageObject","inLanguage":"it-IT","@id":"https:\/\/wochtla-buam.com\/#\/schema\/logo\/image\/","url":"https:\/\/wochtla-buam.com\/wp-content\/uploads\/unterbergers-aktiv-hotel-logo-sw.svg","contentUrl":"https:\/\/wochtla-buam.com\/wp-content\/uploads\/unterbergers-aktiv-hotel-logo-sw.svg","width":235,"height":47,"caption":"Wochtla Buam"},"image":{"@id":"https:\/\/wochtla-buam.com\/#\/schema\/logo\/image\/"}}]}},"publishpress_future_action":{"enabled":false,"date":"2026-04-22 23:06:54","action":"change-status","newStatus":"draft","terms":[],"taxonomy":"translation_priority","extraData":[]},"publishpress_future_workflow_manual_trigger":{"enabledWorkflows":[]},"_links":{"self":[{"href":"https:\/\/wochtla-buam.com\/it\/wp-json\/wp\/v2\/pages\/3943","targetHints":{"allow":["GET"]}}],"collection":[{"href":"https:\/\/wochtla-buam.com\/it\/wp-json\/wp\/v2\/pages"}],"about":[{"href":"https:\/\/wochtla-buam.com\/it\/wp-json\/wp\/v2\/types\/page"}],"author":[{"embeddable":true,"href":"https:\/\/wochtla-buam.com\/it\/wp-json\/wp\/v2\/users\/1"}],"replies":[{"embeddable":true,"href":"https:\/\/wochtla-buam.com\/it\/wp-json\/wp\/v2\/comments?post=3943"}],"version-history":[{"count":0,"href":"https:\/\/wochtla-buam.com\/it\/wp-json\/wp\/v2\/pages\/3943\/revisions"}],"wp:attachment":[{"href":"https:\/\/wochtla-buam.com\/it\/wp-json\/wp\/v2\/media?parent=3943"}],"curies":[{"name":"wp","href":"https:\/\/api.w.org\/{rel}","templated":true}]}}