{"id":3979,"date":"2021-05-27T10:19:23","date_gmt":"2021-05-27T10:19:23","guid":{"rendered":"https:\/\/www.wochtla-buam.com\/agb\/"},"modified":"2022-09-07T04:26:48","modified_gmt":"2022-09-07T04:26:48","slug":"cgc","status":"publish","type":"page","link":"https:\/\/wochtla-buam.com\/it\/cgc\/","title":{"rendered":"CGC"},"content":{"rendered":"\t\t<div data-elementor-type=\"wp-page\" data-elementor-id=\"3979\" class=\"elementor elementor-3979 elementor-1911\" data-elementor-post-type=\"page\">\n\t\t\t\t\t\t<section class=\"elementor-section elementor-top-section elementor-element elementor-element-a01f079 elementor-section-content-middle elementor-section-boxed elementor-section-height-default elementor-section-height-default\" data-id=\"a01f079\" data-element_type=\"section\" data-e-type=\"section\">\n\t\t\t\t\t\t<div class=\"elementor-container elementor-column-gap-default\">\n\t\t\t\t\t<div class=\"elementor-column elementor-col-100 elementor-top-column elementor-element elementor-element-c33b544 elementor-invisible\" data-id=\"c33b544\" data-element_type=\"column\" data-e-type=\"column\" data-settings=\"{&quot;background_background&quot;:&quot;classic&quot;,&quot;animation&quot;:&quot;fadeInUp&quot;}\">\n\t\t\t<div class=\"elementor-widget-wrap elementor-element-populated\">\n\t\t\t\t\t\t<div class=\"elementor-element elementor-element-28cd419 elementor-widget elementor-widget-heading\" data-id=\"28cd419\" data-element_type=\"widget\" data-e-type=\"widget\" data-widget_type=\"heading.default\">\n\t\t\t\t<div class=\"elementor-widget-container\">\n\t\t\t\t\t<h1 class=\"elementor-heading-title elementor-size-default\">In stampatello le condizioni generali di contratto:<\/h1>\t\t\t\t<\/div>\n\t\t\t\t<\/div>\n\t\t\t\t<div class=\"elementor-element elementor-element-f560ebf elementor-widget elementor-widget-text-editor\" data-id=\"f560ebf\" data-element_type=\"widget\" data-e-type=\"widget\" data-widget_type=\"text-editor.default\">\n\t\t\t\t<div class=\"elementor-widget-container\">\n\t\t\t\t\t\t\t\t\t<p>Ai sensi dell&#8217;art. 1341 del Codice Civile, che viene applicato ai contratti di alloggio tra l&#8217;azienda ricettiva Hotel Wochtla Buam, Unterberger Gastronomie KG di Unterberger Manfred, Markus, Christoph e Co. e gli ospiti:<\/p>\t\t\t\t\t\t\t\t<\/div>\n\t\t\t\t<\/div>\n\t\t\t\t\t<\/div>\n\t\t<\/div>\n\t\t\t\t\t<\/div>\n\t\t<\/section>\n\t\t\t\t<section class=\"elementor-section elementor-top-section elementor-element elementor-element-e6f56f4 elementor-section-boxed elementor-section-height-default elementor-section-height-default\" data-id=\"e6f56f4\" data-element_type=\"section\" data-e-type=\"section\">\n\t\t\t\t\t\t<div class=\"elementor-container elementor-column-gap-no\">\n\t\t\t\t\t<div class=\"elementor-column elementor-col-100 elementor-top-column elementor-element elementor-element-183190d\" data-id=\"183190d\" data-element_type=\"column\" data-e-type=\"column\">\n\t\t\t<div class=\"elementor-widget-wrap elementor-element-populated\">\n\t\t\t\t\t\t<section class=\"elementor-section elementor-inner-section elementor-element elementor-element-99f7200 elementor-section-full_width elementor-section-height-default elementor-section-height-default\" data-id=\"99f7200\" data-element_type=\"section\" data-e-type=\"section\">\n\t\t\t\t\t\t<div class=\"elementor-container elementor-column-gap-no\">\n\t\t\t\t\t<div class=\"elementor-column elementor-col-100 elementor-inner-column elementor-element elementor-element-30957f9\" data-id=\"30957f9\" data-element_type=\"column\" data-e-type=\"column\">\n\t\t\t<div class=\"elementor-widget-wrap elementor-element-populated\">\n\t\t\t\t\t\t<div class=\"elementor-element elementor-element-b14cd0e elementor-widget elementor-widget-heading\" data-id=\"b14cd0e\" data-element_type=\"widget\" data-e-type=\"widget\" data-widget_type=\"heading.default\">\n\t\t\t\t<div class=\"elementor-widget-container\">\n\t\t\t\t\t<h2 class=\"elementor-heading-title elementor-size-default\">Condizioni di cancellazione secondo l'art. 1382 ZGB. <\/h2>\t\t\t\t<\/div>\n\t\t\t\t<\/div>\n\t\t\t\t\t<\/div>\n\t\t<\/div>\n\t\t\t\t\t<\/div>\n\t\t<\/section>\n\t\t\t\t<section class=\"elementor-section elementor-inner-section elementor-element elementor-element-d11f65a elementor-section-full_width elementor-section-height-default elementor-section-height-default\" data-id=\"d11f65a\" data-element_type=\"section\" data-e-type=\"section\">\n\t\t\t\t\t\t<div class=\"elementor-container elementor-column-gap-no\">\n\t\t\t\t\t<div class=\"elementor-column elementor-col-100 elementor-inner-column elementor-element elementor-element-cd4cd99 elementor-invisible\" data-id=\"cd4cd99\" data-element_type=\"column\" data-e-type=\"column\" data-settings=\"{&quot;background_background&quot;:&quot;classic&quot;,&quot;animation&quot;:&quot;fadeInUp&quot;}\">\n\t\t\t<div class=\"elementor-widget-wrap elementor-element-populated\">\n\t\t\t\t\t\t<div class=\"elementor-element elementor-element-2534929 accordeonzimmer elementor-widget elementor-widget-accordion\" data-id=\"2534929\" data-element_type=\"widget\" data-e-type=\"widget\" data-widget_type=\"accordion.default\">\n\t\t\t\t<div class=\"elementor-widget-container\">\n\t\t\t\t\t\t\t<div class=\"elementor-accordion\">\n\t\t\t\t\t\t\t<div class=\"elementor-accordion-item\">\n\t\t\t\t\t<div id=\"elementor-tab-title-3901\" class=\"elementor-tab-title\" data-tab=\"1\" role=\"button\" aria-controls=\"elementor-tab-content-3901\" aria-expanded=\"false\">\n\t\t\t\t\t\t\t\t\t\t\t\t\t<span class=\"elementor-accordion-icon elementor-accordion-icon-right\" aria-hidden=\"true\">\n\t\t\t\t\t\t\t\t\t\t\t\t\t\t\t<span class=\"elementor-accordion-icon-closed\"><i class=\"fas fa-plus\"><\/i><\/span>\n\t\t\t\t\t\t\t\t<span class=\"elementor-accordion-icon-opened\"><i class=\"fas fa-minus\"><\/i><\/span>\n\t\t\t\t\t\t\t\t\t\t\t\t\t\t<\/span>\n\t\t\t\t\t\t\t\t\t\t\t\t<a class=\"elementor-accordion-title\" tabindex=\"0\">1. La vita...<\/a>\n\t\t\t\t\t<\/div>\n\t\t\t\t\t<div id=\"elementor-tab-content-3901\" class=\"elementor-tab-content elementor-clearfix\" data-tab=\"1\" role=\"region\" aria-labelledby=\"elementor-tab-title-3901\"><div><span lang=\"IT\">La vita non va sempre secondo i piani. E pu\u00f2 sempre succedere qualcosa. Se devi cancellare il tuo soggiorno da noi, ti preghiamo di farci sapere per iscritto il pi\u00f9 presto possibile per mantenere i costi di cancellazione per voi al pi\u00f9 basso possibile.<\/span><\/div><div><span lang=\"IT\"><br \/><\/span>Eccoli qui:<\/div><ul><li>Pi\u00f9 di 3 mesi prima del vostro viaggio: sarete rimborsati di tutto tranne il vostro deposito (caparra confirmatoria).<\/li><li>Da 3 mesi a 1 mese prima del viaggio, la tariffa di cancellazione \u00e8 pari al 40%.<\/li><li>Da 1 mese a 1 settimana prima della partenza, la tariffa di cancellazione \u00e8 pari al 70%.<\/li><li>Nell&#8217;ultima settimana prima della partenza la tariffa di cancellazione \u00e8 pari al 90%.<\/li><li>Se la vostra cancellazione arriva pi\u00f9 tardi o dovete partire prima, Vi sar\u00e1 addebitato prezzo concordato con la prenotazione.<\/li><\/ul><p>Per evitare qualsiasi noie in questo senso, vi consigliamo vivamente di stipulare un&#8217;assicurazione d\u2019annullamento del viaggio.<\/p><\/div>\n\t\t\t\t<\/div>\n\t\t\t\t\t\t\t<div class=\"elementor-accordion-item\">\n\t\t\t\t\t<div id=\"elementor-tab-title-3902\" class=\"elementor-tab-title\" data-tab=\"2\" role=\"button\" aria-controls=\"elementor-tab-content-3902\" aria-expanded=\"false\">\n\t\t\t\t\t\t\t\t\t\t\t\t\t<span class=\"elementor-accordion-icon elementor-accordion-icon-right\" aria-hidden=\"true\">\n\t\t\t\t\t\t\t\t\t\t\t\t\t\t\t<span class=\"elementor-accordion-icon-closed\"><i class=\"fas fa-plus\"><\/i><\/span>\n\t\t\t\t\t\t\t\t<span class=\"elementor-accordion-icon-opened\"><i class=\"fas fa-minus\"><\/i><\/span>\n\t\t\t\t\t\t\t\t\t\t\t\t\t\t<\/span>\n\t\t\t\t\t\t\t\t\t\t\t\t<a class=\"elementor-accordion-title\" tabindex=\"0\">2. \u00c8 necessario per iscritto...<\/a>\n\t\t\t\t\t<\/div>\n\t\t\t\t\t<div id=\"elementor-tab-content-3902\" class=\"elementor-tab-content elementor-clearfix\" data-tab=\"2\" role=\"region\" aria-labelledby=\"elementor-tab-title-3902\"><p>\u00c8 necessario cancellare per iscritto. Quindi sar\u00e1 addebitata la tariffa di cancellazione in base al tempo trascorso tra la vostra cancellazione scritta e la data d\u2019arrivo originariamente prenotata.<\/p><\/div>\n\t\t\t\t<\/div>\n\t\t\t\t\t\t\t<div class=\"elementor-accordion-item\">\n\t\t\t\t\t<div id=\"elementor-tab-title-3903\" class=\"elementor-tab-title\" data-tab=\"3\" role=\"button\" aria-controls=\"elementor-tab-content-3903\" aria-expanded=\"false\">\n\t\t\t\t\t\t\t\t\t\t\t\t\t<span class=\"elementor-accordion-icon elementor-accordion-icon-right\" aria-hidden=\"true\">\n\t\t\t\t\t\t\t\t\t\t\t\t\t\t\t<span class=\"elementor-accordion-icon-closed\"><i class=\"fas fa-plus\"><\/i><\/span>\n\t\t\t\t\t\t\t\t<span class=\"elementor-accordion-icon-opened\"><i class=\"fas fa-minus\"><\/i><\/span>\n\t\t\t\t\t\t\t\t\t\t\t\t\t\t<\/span>\n\t\t\t\t\t\t\t\t\t\t\t\t<a class=\"elementor-accordion-title\" tabindex=\"0\">3. Base di calcolo...<\/a>\n\t\t\t\t\t<\/div>\n\t\t\t\t\t<div id=\"elementor-tab-content-3903\" class=\"elementor-tab-content elementor-clearfix\" data-tab=\"3\" role=\"region\" aria-labelledby=\"elementor-tab-title-3903\"><p>Base di calcolo \u00e8 ci\u00f2 che avete prenotato con noi, cio\u00e8 alloggio, pasti e qualsiasi altro servizio.<\/p><\/div>\n\t\t\t\t<\/div>\n\t\t\t\t\t\t\t<div class=\"elementor-accordion-item\">\n\t\t\t\t\t<div id=\"elementor-tab-title-3904\" class=\"elementor-tab-title\" data-tab=\"4\" role=\"button\" aria-controls=\"elementor-tab-content-3904\" aria-expanded=\"false\">\n\t\t\t\t\t\t\t\t\t\t\t\t\t<span class=\"elementor-accordion-icon elementor-accordion-icon-right\" aria-hidden=\"true\">\n\t\t\t\t\t\t\t\t\t\t\t\t\t\t\t<span class=\"elementor-accordion-icon-closed\"><i class=\"fas fa-plus\"><\/i><\/span>\n\t\t\t\t\t\t\t\t<span class=\"elementor-accordion-icon-opened\"><i class=\"fas fa-minus\"><\/i><\/span>\n\t\t\t\t\t\t\t\t\t\t\t\t\t\t<\/span>\n\t\t\t\t\t\t\t\t\t\t\t\t<a class=\"elementor-accordion-title\" tabindex=\"0\">4. Se non tutti...<\/a>\n\t\t\t\t\t<\/div>\n\t\t\t\t\t<div id=\"elementor-tab-content-3904\" class=\"elementor-tab-content elementor-clearfix\" data-tab=\"4\" role=\"region\" aria-labelledby=\"elementor-tab-title-3904\"><p>Se non tutti i letti prenotati sono stati occupati o cancellati, la percentuale della vostra tariffa di cancellazione sar\u00e0 applicata solo al prezzo concordato per i letti non occupati o cancellati. Se c&#8217;\u00e8 qualcosa che non \u00e8 chiaro, non esitate a chiedere. Siamo felici ad aiutarvi in qualsiasi momento.<\/p><\/div>\n\t\t\t\t<\/div>\n\t\t\t\t\t\t\t\t<\/div>\n\t\t\t\t\t\t<\/div>\n\t\t\t\t<\/div>\n\t\t\t\t\t<\/div>\n\t\t<\/div>\n\t\t\t\t\t<\/div>\n\t\t<\/section>\n\t\t\t\t\t<\/div>\n\t\t<\/div>\n\t\t\t\t\t<\/div>\n\t\t<\/section>\n\t\t\t\t<\/div>\n\t\t","protected":false},"excerpt":{"rendered":"<p>In stampatello le condizioni generali di contratto: Ai sensi dell&#8217;art. 1341 del Codice Civile, che viene applicato ai contratti di alloggio tra l&#8217;azienda ricettiva Hotel Wochtla Buam, Unterberger Gastronomie KG di Unterberger Manfred, Markus, Christoph e Co. e gli ospiti: Condizioni di cancellazione secondo l&#8217;art. 1382 ZGB. 1. La vita&#8230; La vita non va sempre [&hellip;]<\/p>\n","protected":false},"author":1,"featured_media":0,"parent":0,"menu_order":0,"comment_status":"closed","ping_status":"closed","template":"elementor_header_footer","meta":{"footnotes":""},"class_list":["post-3979","page","type-page","status-publish","hentry"],"yoast_head":"<!-- This site is optimized with the Yoast SEO plugin v27.3 - https:\/\/yoast.com\/product\/yoast-seo-wordpress\/ -->\n<title>Il stampatello degli Unterbergers<\/title>\n<meta name=\"description\" content=\"Tutto quello che devi sapere. Per il pagamento, la cancellazione, il cambio di prenotazione. Perch\u00e9 la vita non pu\u00f2 essere sempre pianificata.\" \/>\n<meta name=\"robots\" content=\"index, follow, max-snippet:-1, max-image-preview:large, max-video-preview:-1\" \/>\n<link rel=\"canonical\" href=\"https:\/\/wochtla-buam.com\/it\/cgc\/\" \/>\n<meta property=\"og:locale\" content=\"it_IT\" \/>\n<meta property=\"og:type\" content=\"article\" \/>\n<meta property=\"og:title\" content=\"Il stampatello degli Unterbergers\" \/>\n<meta property=\"og:description\" content=\"Tutto quello che devi sapere. Per il pagamento, la cancellazione, il cambio di prenotazione. Perch\u00e9 la vita non pu\u00f2 essere sempre pianificata.\" \/>\n<meta property=\"og:url\" content=\"https:\/\/wochtla-buam.com\/it\/cgc\/\" \/>\n<meta property=\"og:site_name\" content=\"Wochtla Buam\" \/>\n<meta property=\"article:modified_time\" content=\"2022-09-07T04:26:48+00:00\" \/>\n<meta name=\"twitter:card\" content=\"summary_large_image\" \/>\n<meta name=\"twitter:label1\" content=\"Tempo di lettura stimato\" \/>\n\t<meta name=\"twitter:data1\" content=\"2 minuti\" \/>\n<script type=\"application\/ld+json\" class=\"yoast-schema-graph\">{\"@context\":\"https:\\\/\\\/schema.org\",\"@graph\":[{\"@type\":\"WebPage\",\"@id\":\"https:\\\/\\\/wochtla-buam.com\\\/it\\\/cgc\\\/\",\"url\":\"https:\\\/\\\/wochtla-buam.com\\\/it\\\/cgc\\\/\",\"name\":\"Il stampatello degli Unterbergers\",\"isPartOf\":{\"@id\":\"https:\\\/\\\/wochtla-buam.com\\\/#website\"},\"datePublished\":\"2021-05-27T10:19:23+00:00\",\"dateModified\":\"2022-09-07T04:26:48+00:00\",\"description\":\"Tutto quello che devi sapere. Per il pagamento, la cancellazione, il cambio di prenotazione. Perch\u00e9 la vita non pu\u00f2 essere sempre pianificata.\",\"breadcrumb\":{\"@id\":\"https:\\\/\\\/wochtla-buam.com\\\/it\\\/cgc\\\/#breadcrumb\"},\"inLanguage\":\"it-IT\",\"potentialAction\":[{\"@type\":\"ReadAction\",\"target\":[\"https:\\\/\\\/wochtla-buam.com\\\/it\\\/cgc\\\/\"]}]},{\"@type\":\"BreadcrumbList\",\"@id\":\"https:\\\/\\\/wochtla-buam.com\\\/it\\\/cgc\\\/#breadcrumb\",\"itemListElement\":[{\"@type\":\"ListItem\",\"position\":1,\"name\":\"Startseite\",\"item\":\"https:\\\/\\\/wochtla-buam.com\\\/\"},{\"@type\":\"ListItem\",\"position\":2,\"name\":\"CGC\"}]},{\"@type\":\"WebSite\",\"@id\":\"https:\\\/\\\/wochtla-buam.com\\\/#website\",\"url\":\"https:\\\/\\\/wochtla-buam.com\\\/\",\"name\":\"Wochtla Buam\",\"description\":\"Aktiv Urlaub - Willkommen in der Seilschaft\",\"publisher\":{\"@id\":\"https:\\\/\\\/wochtla-buam.com\\\/#organization\"},\"potentialAction\":[{\"@type\":\"SearchAction\",\"target\":{\"@type\":\"EntryPoint\",\"urlTemplate\":\"https:\\\/\\\/wochtla-buam.com\\\/?s={search_term_string}\"},\"query-input\":{\"@type\":\"PropertyValueSpecification\",\"valueRequired\":true,\"valueName\":\"search_term_string\"}}],\"inLanguage\":\"it-IT\"},{\"@type\":\"Organization\",\"@id\":\"https:\\\/\\\/wochtla-buam.com\\\/#organization\",\"name\":\"Wochtla Buam\",\"url\":\"https:\\\/\\\/wochtla-buam.com\\\/\",\"logo\":{\"@type\":\"ImageObject\",\"inLanguage\":\"it-IT\",\"@id\":\"https:\\\/\\\/wochtla-buam.com\\\/#\\\/schema\\\/logo\\\/image\\\/\",\"url\":\"https:\\\/\\\/wochtla-buam.com\\\/wp-content\\\/uploads\\\/unterbergers-aktiv-hotel-logo-sw.svg\",\"contentUrl\":\"https:\\\/\\\/wochtla-buam.com\\\/wp-content\\\/uploads\\\/unterbergers-aktiv-hotel-logo-sw.svg\",\"width\":235,\"height\":47,\"caption\":\"Wochtla Buam\"},\"image\":{\"@id\":\"https:\\\/\\\/wochtla-buam.com\\\/#\\\/schema\\\/logo\\\/image\\\/\"}}]}<\/script>\n<!-- \/ Yoast SEO plugin. -->","yoast_head_json":{"title":"Il stampatello degli Unterbergers","description":"Tutto quello che devi sapere. Per il pagamento, la cancellazione, il cambio di prenotazione. Perch\u00e9 la vita non pu\u00f2 essere sempre pianificata.","robots":{"index":"index","follow":"follow","max-snippet":"max-snippet:-1","max-image-preview":"max-image-preview:large","max-video-preview":"max-video-preview:-1"},"canonical":"https:\/\/wochtla-buam.com\/it\/cgc\/","og_locale":"it_IT","og_type":"article","og_title":"Il stampatello degli Unterbergers","og_description":"Tutto quello che devi sapere. Per il pagamento, la cancellazione, il cambio di prenotazione. Perch\u00e9 la vita non pu\u00f2 essere sempre pianificata.","og_url":"https:\/\/wochtla-buam.com\/it\/cgc\/","og_site_name":"Wochtla Buam","article_modified_time":"2022-09-07T04:26:48+00:00","twitter_card":"summary_large_image","twitter_misc":{"Tempo di lettura stimato":"2 minuti"},"schema":{"@context":"https:\/\/schema.org","@graph":[{"@type":"WebPage","@id":"https:\/\/wochtla-buam.com\/it\/cgc\/","url":"https:\/\/wochtla-buam.com\/it\/cgc\/","name":"Il stampatello degli Unterbergers","isPartOf":{"@id":"https:\/\/wochtla-buam.com\/#website"},"datePublished":"2021-05-27T10:19:23+00:00","dateModified":"2022-09-07T04:26:48+00:00","description":"Tutto quello che devi sapere. Per il pagamento, la cancellazione, il cambio di prenotazione. Perch\u00e9 la vita non pu\u00f2 essere sempre pianificata.","breadcrumb":{"@id":"https:\/\/wochtla-buam.com\/it\/cgc\/#breadcrumb"},"inLanguage":"it-IT","potentialAction":[{"@type":"ReadAction","target":["https:\/\/wochtla-buam.com\/it\/cgc\/"]}]},{"@type":"BreadcrumbList","@id":"https:\/\/wochtla-buam.com\/it\/cgc\/#breadcrumb","itemListElement":[{"@type":"ListItem","position":1,"name":"Startseite","item":"https:\/\/wochtla-buam.com\/"},{"@type":"ListItem","position":2,"name":"CGC"}]},{"@type":"WebSite","@id":"https:\/\/wochtla-buam.com\/#website","url":"https:\/\/wochtla-buam.com\/","name":"Wochtla Buam","description":"Aktiv Urlaub - Willkommen in der Seilschaft","publisher":{"@id":"https:\/\/wochtla-buam.com\/#organization"},"potentialAction":[{"@type":"SearchAction","target":{"@type":"EntryPoint","urlTemplate":"https:\/\/wochtla-buam.com\/?s={search_term_string}"},"query-input":{"@type":"PropertyValueSpecification","valueRequired":true,"valueName":"search_term_string"}}],"inLanguage":"it-IT"},{"@type":"Organization","@id":"https:\/\/wochtla-buam.com\/#organization","name":"Wochtla Buam","url":"https:\/\/wochtla-buam.com\/","logo":{"@type":"ImageObject","inLanguage":"it-IT","@id":"https:\/\/wochtla-buam.com\/#\/schema\/logo\/image\/","url":"https:\/\/wochtla-buam.com\/wp-content\/uploads\/unterbergers-aktiv-hotel-logo-sw.svg","contentUrl":"https:\/\/wochtla-buam.com\/wp-content\/uploads\/unterbergers-aktiv-hotel-logo-sw.svg","width":235,"height":47,"caption":"Wochtla Buam"},"image":{"@id":"https:\/\/wochtla-buam.com\/#\/schema\/logo\/image\/"}}]}},"publishpress_future_action":{"enabled":false,"date":"2026-04-22 22:53:43","action":"change-status","newStatus":"draft","terms":[],"taxonomy":"translation_priority","extraData":[]},"publishpress_future_workflow_manual_trigger":{"enabledWorkflows":[]},"_links":{"self":[{"href":"https:\/\/wochtla-buam.com\/it\/wp-json\/wp\/v2\/pages\/3979","targetHints":{"allow":["GET"]}}],"collection":[{"href":"https:\/\/wochtla-buam.com\/it\/wp-json\/wp\/v2\/pages"}],"about":[{"href":"https:\/\/wochtla-buam.com\/it\/wp-json\/wp\/v2\/types\/page"}],"author":[{"embeddable":true,"href":"https:\/\/wochtla-buam.com\/it\/wp-json\/wp\/v2\/users\/1"}],"replies":[{"embeddable":true,"href":"https:\/\/wochtla-buam.com\/it\/wp-json\/wp\/v2\/comments?post=3979"}],"version-history":[{"count":0,"href":"https:\/\/wochtla-buam.com\/it\/wp-json\/wp\/v2\/pages\/3979\/revisions"}],"wp:attachment":[{"href":"https:\/\/wochtla-buam.com\/it\/wp-json\/wp\/v2\/media?parent=3979"}],"curies":[{"name":"wp","href":"https:\/\/api.w.org\/{rel}","templated":true}]}}